{"id":261,"date":"2023-10-23T09:48:35","date_gmt":"2023-10-23T07:48:35","guid":{"rendered":"http:\/\/versuny.cluster028.hosting.ovh.net\/?page_id=261"},"modified":"2024-04-03T11:35:13","modified_gmt":"2024-04-03T09:35:13","slug":"atelier-1","status":"publish","type":"page","link":"https:\/\/versundroitneuroethique.eu\/index.php\/atelier-1\/","title":{"rendered":"Atelier 1"},"content":{"rendered":"\t\t<div data-elementor-type=\"wp-page\" data-elementor-id=\"261\" class=\"elementor elementor-261\">\n\t\t\t\t\t\t\t\t\t<section class=\"elementor-section elementor-top-section elementor-element elementor-element-1ce8254 elementor-section-height-min-height elementor-section-content-middle elementor-section-stretched elementor-section-boxed elementor-section-height-default elementor-section-items-middle\" data-id=\"1ce8254\" data-element_type=\"section\" data-settings=\"{&quot;stretch_section&quot;:&quot;section-stretched&quot;,&quot;background_background&quot;:&quot;classic&quot;}\">\n\t\t\t\t\t\t<div class=\"elementor-container elementor-column-gap-custom\">\n\t\t\t\t\t<div class=\"elementor-column elementor-col-100 elementor-top-column elementor-element elementor-element-8a47623\" data-id=\"8a47623\" data-element_type=\"column\">\n\t\t\t<div class=\"elementor-widget-wrap elementor-element-populated\">\n\t\t\t\t\t\t\t\t<div class=\"elementor-element elementor-element-302a874 elementor-widget elementor-widget-heading\" data-id=\"302a874\" data-element_type=\"widget\" data-widget_type=\"heading.default\">\n\t\t\t\t<div class=\"elementor-widget-container\">\n\t\t\t<style>\/*! elementor - v3.16.0 - 09-10-2023 *\/\n.elementor-heading-title{padding:0;margin:0;line-height:1}.elementor-widget-heading .elementor-heading-title[class*=elementor-size-]>a{color:inherit;font-size:inherit;line-height:inherit}.elementor-widget-heading .elementor-heading-title.elementor-size-small{font-size:15px}.elementor-widget-heading .elementor-heading-title.elementor-size-medium{font-size:19px}.elementor-widget-heading .elementor-heading-title.elementor-size-large{font-size:29px}.elementor-widget-heading .elementor-heading-title.elementor-size-xl{font-size:39px}.elementor-widget-heading .elementor-heading-title.elementor-size-xxl{font-size:59px}<\/style><h2 class=\"elementor-heading-title elementor-size-default\">Atelier 1<\/h2>\t\t<\/div>\n\t\t\t\t<\/div>\n\t\t\t\t<div class=\"elementor-element elementor-element-e2b4b0b elementor-widget-divider--view-line elementor-widget elementor-widget-divider\" data-id=\"e2b4b0b\" data-element_type=\"widget\" data-widget_type=\"divider.default\">\n\t\t\t\t<div class=\"elementor-widget-container\">\n\t\t\t<style>\/*! elementor - v3.16.0 - 09-10-2023 *\/\n.elementor-widget-divider{--divider-border-style:none;--divider-border-width:1px;--divider-color:#0c0d0e;--divider-icon-size:20px;--divider-element-spacing:10px;--divider-pattern-height:24px;--divider-pattern-size:20px;--divider-pattern-url:none;--divider-pattern-repeat:repeat-x}.elementor-widget-divider .elementor-divider{display:flex}.elementor-widget-divider .elementor-divider__text{font-size:15px;line-height:1;max-width:95%}.elementor-widget-divider .elementor-divider__element{margin:0 var(--divider-element-spacing);flex-shrink:0}.elementor-widget-divider .elementor-icon{font-size:var(--divider-icon-size)}.elementor-widget-divider .elementor-divider-separator{display:flex;margin:0;direction:ltr}.elementor-widget-divider--view-line_icon .elementor-divider-separator,.elementor-widget-divider--view-line_text .elementor-divider-separator{align-items:center}.elementor-widget-divider--view-line_icon .elementor-divider-separator:after,.elementor-widget-divider--view-line_icon .elementor-divider-separator:before,.elementor-widget-divider--view-line_text .elementor-divider-separator:after,.elementor-widget-divider--view-line_text .elementor-divider-separator:before{display:block;content:\"\";border-bottom:0;flex-grow:1;border-top:var(--divider-border-width) var(--divider-border-style) var(--divider-color)}.elementor-widget-divider--element-align-left .elementor-divider .elementor-divider-separator>.elementor-divider__svg:first-of-type{flex-grow:0;flex-shrink:100}.elementor-widget-divider--element-align-left .elementor-divider-separator:before{content:none}.elementor-widget-divider--element-align-left .elementor-divider__element{margin-left:0}.elementor-widget-divider--element-align-right .elementor-divider .elementor-divider-separator>.elementor-divider__svg:last-of-type{flex-grow:0;flex-shrink:100}.elementor-widget-divider--element-align-right .elementor-divider-separator:after{content:none}.elementor-widget-divider--element-align-right .elementor-divider__element{margin-right:0}.elementor-widget-divider:not(.elementor-widget-divider--view-line_text):not(.elementor-widget-divider--view-line_icon) .elementor-divider-separator{border-top:var(--divider-border-width) var(--divider-border-style) var(--divider-color)}.elementor-widget-divider--separator-type-pattern{--divider-border-style:none}.elementor-widget-divider--separator-type-pattern.elementor-widget-divider--view-line .elementor-divider-separator,.elementor-widget-divider--separator-type-pattern:not(.elementor-widget-divider--view-line) .elementor-divider-separator:after,.elementor-widget-divider--separator-type-pattern:not(.elementor-widget-divider--view-line) .elementor-divider-separator:before,.elementor-widget-divider--separator-type-pattern:not([class*=elementor-widget-divider--view]) .elementor-divider-separator{width:100%;min-height:var(--divider-pattern-height);-webkit-mask-size:var(--divider-pattern-size) 100%;mask-size:var(--divider-pattern-size) 100%;-webkit-mask-repeat:var(--divider-pattern-repeat);mask-repeat:var(--divider-pattern-repeat);background-color:var(--divider-color);-webkit-mask-image:var(--divider-pattern-url);mask-image:var(--divider-pattern-url)}.elementor-widget-divider--no-spacing{--divider-pattern-size:auto}.elementor-widget-divider--bg-round{--divider-pattern-repeat:round}.rtl .elementor-widget-divider .elementor-divider__text{direction:rtl}.e-con-inner>.elementor-widget-divider,.e-con>.elementor-widget-divider{width:var(--container-widget-width,100%);--flex-grow:var(--container-widget-flex-grow)}<\/style>\t\t<div class=\"elementor-divider\">\n\t\t\t<span class=\"elementor-divider-separator\">\n\t\t\t\t\t\t<\/span>\n\t\t<\/div>\n\t\t\t\t<\/div>\n\t\t\t\t<\/div>\n\t\t\t\t\t<\/div>\n\t\t<\/div>\n\t\t\t\t\t\t\t<\/div>\n\t\t<\/section>\n\t\t<div class=\"elementor-element elementor-element-518943e e-con-full e-flex e-con e-parent\" data-id=\"518943e\" data-element_type=\"container\" data-settings=\"{&quot;content_width&quot;:&quot;full&quot;}\" data-core-v316-plus=\"true\">\n\t\t\t\t<div class=\"elementor-element elementor-element-5769ac9 elementor-widget elementor-widget-text-editor\" data-id=\"5769ac9\" data-element_type=\"widget\" data-widget_type=\"text-editor.default\">\n\t\t\t\t<div class=\"elementor-widget-container\">\n\t\t\t<style>\/*! elementor - v3.16.0 - 09-10-2023 *\/\n.elementor-widget-text-editor.elementor-drop-cap-view-stacked .elementor-drop-cap{background-color:#69727d;color:#fff}.elementor-widget-text-editor.elementor-drop-cap-view-framed .elementor-drop-cap{color:#69727d;border:3px solid;background-color:transparent}.elementor-widget-text-editor:not(.elementor-drop-cap-view-default) .elementor-drop-cap{margin-top:8px}.elementor-widget-text-editor:not(.elementor-drop-cap-view-default) .elementor-drop-cap-letter{width:1em;height:1em}.elementor-widget-text-editor .elementor-drop-cap{float:left;text-align:center;line-height:1;font-size:50px}.elementor-widget-text-editor .elementor-drop-cap-letter{display:inline-block}<\/style>\t\t\t\t<p>Le premier atelier du programme de recherche s\u2019est d\u00e9roul\u00e9 dans les locaux de l\u2019Institut de droit compar\u00e9 (IDC) de l\u2019Universit\u00e9 de Paris II, le jeudi 21 septembre 2023.<\/p><p>Intitul\u00e9 \u00ab\u00a0<strong>Approche par les neurosciences et la neuropsychologie<\/strong>\u00a0\u00bb, il nous a permis de mieux comprendre comment fonctionne le cerveau et comment il peut \u00eatre manipul\u00e9 ou (d\u00e9)form\u00e9.<\/p><p>Sont successivement intervenus :<\/p><ul><li><strong>Philippe MENEI<\/strong>, Professeur des universit\u00e9s en neurochirurgie, Chef de Service, D\u00e9partement de neurochirurgie du CHU d&rsquo;Angers, sur l&rsquo;impact des neuro-technologies sur le cerveau : comment fonctionne le cerveau et comment peut-il \u00eatre (d\u00e9)form\u00e9?<br \/><p class=\"p1\"><strong><a href=\"https:\/\/versundroitneuroethique.eu\/wp-content\/uploads\/2023\/11\/Telecharger-la-presentation-de-PH.Menei_.pdf\"><span style=\"text-decoration: underline;\">Visionner le support de pre\u0301sentation de PH.Menei ici<\/span><\/a> <\/strong>&#8211; <em>Consulter la bio et r\u00e9\u00e9couter la vid\u00e9o de pr\u00e9sentation du contributeur ci-dessous <\/em><\/p><\/li><li><p class=\"p1\"><strong>Bernard SABLONNIERE<\/strong>, Professeur des universit\u00e9s en biochimie et biologie mol\u00e9culaire \u00e0 l\u2019Universit\u00e9 de Lille, sur le fonctionnement et la manipulation du cerveau sous l&rsquo;angle de la neuro-biologie: un algorithme ou une interface cerveau\/machine peut-il provoquer des addictions chez l&rsquo;humain?<br \/><strong><a href=\"https:\/\/versundroitneuroethique.eu\/wp-content\/uploads\/2023\/11\/Telecharger-la-presentation-de-B.Sablonniere.pdf\"><span style=\"text-decoration: underline;\">Visionner le support de pre\u0301sentation de B.Sablonniere ici<\/span><\/a><span style=\"text-decoration: underline;\">\u00a0<\/span><\/strong>&#8211;\u00a0<em>Consulter la bio et r\u00e9\u00e9couter la vid\u00e9o de pr\u00e9sentation du contributeur ci-dessous <\/em><\/p><\/li><li><strong>Gr\u00e9goire BORST<\/strong>, Professeur de psychologie du d\u00e9veloppement et de neurosciences cognitives de l\u2019\u00e9ducation \u00e0 l\u2019Universit\u00e9 de Paris, Directeur du LaPsyDe (CNRS), sur les impacts psychologiques de l&rsquo;interaction entre une interface ou un algorithme et un humain<br \/><strong><a href=\"https:\/\/versundroitneuroethique.eu\/wp-content\/uploads\/2023\/11\/Telecharger-la-presentation-de-G.Borst_.pdf\"><span style=\"text-decoration: underline;\">Visionner le support de pre\u0301sentation de G.Borst ici<\/span><\/a><\/strong> &#8211; <em>Consulter la bio et r\u00e9\u00e9couter la vid\u00e9o de pr\u00e9sentation du contributeur ci-dessous <br \/><\/em><\/li><li><strong style=\"font-size: 17px; text-align: var(--text-align);\">Dominique BOULLIER<\/strong><span style=\"font-size: 17px; text-align: var(--text-align);\"><span style=\"font-size: 17px; text-align: var(--text-align);\">, Professeur des universit\u00e9s en sociologie, Sciences Po Paris, sur l&rsquo;analyse sociologique des interfaces humain\/machine<br \/><strong><a href=\"https:\/\/versundroitneuroethique.eu\/wp-content\/uploads\/2023\/11\/Telecharger-la-presentation-de-D.-Boullier.pdf\"><span style=\"text-decoration: underline;\">Visionner le support de pre\u0301sentation de D. Boullier ici<\/span><\/a><span style=\"text-decoration: underline;\">\u00a0<\/span><\/strong>&#8211; <\/span><\/span><em>Consulter la bio et r\u00e9\u00e9couter la vid\u00e9o de pr\u00e9sentation du contributeur ci-dessous <\/em><\/li><\/ul>\t\t\t\t\t\t<\/div>\n\t\t\t\t<\/div>\n\t\t\t\t<\/div>\n\t\t<div class=\"elementor-element elementor-element-a346223 e-con-full e-flex e-con e-parent\" data-id=\"a346223\" data-element_type=\"container\" data-settings=\"{&quot;content_width&quot;:&quot;full&quot;}\" data-core-v316-plus=\"true\">\n\t\t\t\t<div class=\"elementor-element elementor-element-404ae0f elementor-widget elementor-widget-heading\" data-id=\"404ae0f\" data-element_type=\"widget\" data-widget_type=\"heading.default\">\n\t\t\t\t<div class=\"elementor-widget-container\">\n\t\t\t<h2 class=\"elementor-heading-title elementor-size-default\">Br\u00e8ve pr\u00e9sentation des contributeurs (dans l\u2019ordre des prises de parole)<\/h2>\t\t<\/div>\n\t\t\t\t<\/div>\n\t\t\t\t<\/div>\n\t\t<div class=\"elementor-element elementor-element-5d3ffa0 e-con-full e-flex e-con e-parent\" data-id=\"5d3ffa0\" data-element_type=\"container\" data-settings=\"{&quot;content_width&quot;:&quot;full&quot;}\" data-core-v316-plus=\"true\">\n\t\t<div class=\"elementor-element elementor-element-0351b0b e-con-full e-flex e-con e-child\" data-id=\"0351b0b\" data-element_type=\"container\" data-settings=\"{&quot;content_width&quot;:&quot;full&quot;}\">\n\t\t\t\t<div class=\"elementor-element elementor-element-0749ace elementor-widget elementor-widget-image\" data-id=\"0749ace\" data-element_type=\"widget\" data-widget_type=\"image.default\">\n\t\t\t\t<div class=\"elementor-widget-container\">\n\t\t\t<style>\/*! elementor - v3.16.0 - 09-10-2023 *\/\n.elementor-widget-image{text-align:center}.elementor-widget-image a{display:inline-block}.elementor-widget-image a img[src$=\".svg\"]{width:48px}.elementor-widget-image img{vertical-align:middle;display:inline-block}<\/style>\t\t\t\t\t\t\t\t\t\t\t\t<img decoding=\"async\" src=\"https:\/\/versundroitneuroethique.eu\/wp-content\/uploads\/elementor\/thumbs\/P.-Menei-qeaaazq3jg2pj3utcui0jeg4aears8inpd4i2khzgw.png\" title=\"P.-Menei&rsquo;\" alt=\"P.-Menei'\" loading=\"lazy\" \/>\t\t\t\t\t\t\t\t\t\t\t\t\t\t\t<\/div>\n\t\t\t\t<\/div>\n\t\t\t\t<\/div>\n\t\t<div class=\"elementor-element elementor-element-d178731 e-con-full e-flex e-con e-child\" data-id=\"d178731\" data-element_type=\"container\" data-settings=\"{&quot;content_width&quot;:&quot;full&quot;}\">\n\t\t\t\t<div class=\"elementor-element elementor-element-95e472b elementor-widget elementor-widget-text-editor\" data-id=\"95e472b\" data-element_type=\"widget\" data-widget_type=\"text-editor.default\">\n\t\t\t\t<div class=\"elementor-widget-container\">\n\t\t\t\t\t\t\t<p><strong>Philippe Menei,<\/strong> est m\u00e9decin neurochirurgien, Professeur des universit\u00e9s sp\u00e9cialis\u00e9 en neurochirurgie au CHU d&rsquo;Angers et chercheur \u00e0 l\u2019INSERM (CRCINA). Ses recherches font intervenir les nouvelles technologies, en particulier les biotech, les nanotech et ce que l\u2019on appelle maintenant les neurotechnologies et il est un observateur attentif du cerveau et de son fonctionnement. Il a notamment \u00e9crit ou co-\u00e9crit plusieurs ouvrages autour de ces questions : <em>Voyage du cerveau gauche au cerveau droit<\/em>, <a href=\"https:\/\/www.linkedin.com\/company\/edp-sciences\/\">EDP Sciences<\/a>, 2021, un ouvrage qui revisite l\u2019origine de nos langages et le mythe du cerveau droit\u00a0; <em>Cerveau et droit &#8211; Impact des neurosciences sur le droit, aujourd&rsquo;hui et demain<\/em>, \u00e9d. l\u2019Harmattan, 2023, ouvrage qui pose la question de la place \u00e0 accorder \u00e0 l&rsquo;imagerie fonctionnelle c\u00e9r\u00e9brale, aux nouvelles neurotechnologies et plus largement aux neurosciences dans le droit.<\/p>\t\t\t\t\t\t<\/div>\n\t\t\t\t<\/div>\n\t\t\t\t<\/div>\n\t\t\t\t<\/div>\n\t\t<div class=\"elementor-element elementor-element-484d56f e-con-full e-flex e-con e-parent\" data-id=\"484d56f\" data-element_type=\"container\" data-settings=\"{&quot;content_width&quot;:&quot;full&quot;}\" data-core-v316-plus=\"true\">\n\t\t<div class=\"elementor-element elementor-element-5d2374d e-con-full e-flex e-con e-child\" data-id=\"5d2374d\" data-element_type=\"container\" data-settings=\"{&quot;content_width&quot;:&quot;full&quot;}\">\n\t\t\t\t<div class=\"elementor-element elementor-element-768ddac elementor-widget elementor-widget-image\" data-id=\"768ddac\" data-element_type=\"widget\" data-widget_type=\"image.default\">\n\t\t\t\t<div class=\"elementor-widget-container\">\n\t\t\t\t\t\t\t\t\t\t\t\t\t\t\t<img decoding=\"async\" src=\"https:\/\/versundroitneuroethique.eu\/wp-content\/uploads\/elementor\/thumbs\/B.sablonniere-qeaar5k71w775qdnzc02wtmfzwmz4voi9cy24ujahc.png\" title=\"B.sablonniere&rsquo;\" alt=\"B.sablonniere'\" loading=\"lazy\" \/>\t\t\t\t\t\t\t\t\t\t\t\t\t\t\t<\/div>\n\t\t\t\t<\/div>\n\t\t\t\t<\/div>\n\t\t<div class=\"elementor-element elementor-element-87fd015 e-con-full e-flex e-con e-child\" data-id=\"87fd015\" data-element_type=\"container\" data-settings=\"{&quot;content_width&quot;:&quot;full&quot;}\">\n\t\t\t\t<div class=\"elementor-element elementor-element-df870a5 elementor-widget elementor-widget-text-editor\" data-id=\"df870a5\" data-element_type=\"widget\" data-widget_type=\"text-editor.default\">\n\t\t\t\t<div class=\"elementor-widget-container\">\n\t\t\t\t\t\t\t<p><strong>Bernard Sablonni\u00e8re<\/strong> est m\u00e9decin neurobiologiste, Professeur de Biochimie et Biologie mol\u00e9culaire \u00e0 l\u2019Universit\u00e9 de Lille et chercheur au sein du Centre de recherches LilNCog de l\u2019Inserm. Enseignant la biochimie et notamment les messagers de notre cerveau, il est auteur de nombreux ouvrages, dont plusieurs ont \u00e9t\u00e9 publi\u00e9s aux Editions Odile Jacob, dont \u00ab La chimie des sentiments \u00bb en ao\u00fbt 2012 et \u00ab le cerveau : les cl\u00e9s de son d\u00e9veloppement et de sa long\u00e9vit\u00e9 \u00bb paru en Octobre 2013, \u00ab\u00a0les nouveaux territoires du cerveaux\u00a0\u00bb paru en 2016 ou encore \u00ab\u00a0La Chimie des odeurs, des saveurs et du plaisir\u00a0\u00bb r\u00e9cemment paru o\u00f9 il nous laisse entendre que le cerveau est ais\u00e9ment manipulable.<\/p>\t\t\t\t\t\t<\/div>\n\t\t\t\t<\/div>\n\t\t\t\t<\/div>\n\t\t\t\t<\/div>\n\t\t<div class=\"elementor-element elementor-element-9723585 e-con-full e-flex e-con e-parent\" data-id=\"9723585\" data-element_type=\"container\" data-settings=\"{&quot;content_width&quot;:&quot;full&quot;}\" data-core-v316-plus=\"true\">\n\t\t<div class=\"elementor-element elementor-element-1d52c5d e-con-full e-flex e-con e-child\" data-id=\"1d52c5d\" data-element_type=\"container\" data-settings=\"{&quot;content_width&quot;:&quot;full&quot;}\">\n\t\t\t\t<div class=\"elementor-element elementor-element-3b89c56 elementor-widget elementor-widget-image\" data-id=\"3b89c56\" data-element_type=\"widget\" data-widget_type=\"image.default\">\n\t\t\t\t<div class=\"elementor-widget-container\">\n\t\t\t\t\t\t\t\t\t\t\t\t\t\t\t<img decoding=\"async\" src=\"https:\/\/versundroitneuroethique.eu\/wp-content\/uploads\/elementor\/thumbs\/G.-Borst-qfohpq2ukzixyuspcasze1df4snpwyxmvscbehenyo.png\" title=\"G.-Borst\" alt=\"G.-Borst\" loading=\"lazy\" \/>\t\t\t\t\t\t\t\t\t\t\t\t\t\t\t<\/div>\n\t\t\t\t<\/div>\n\t\t\t\t<\/div>\n\t\t<div class=\"elementor-element elementor-element-1c4f585 e-con-full e-flex e-con e-child\" data-id=\"1c4f585\" data-element_type=\"container\" data-settings=\"{&quot;content_width&quot;:&quot;full&quot;}\">\n\t\t\t\t<div class=\"elementor-element elementor-element-10afacd elementor-widget elementor-widget-text-editor\" data-id=\"10afacd\" data-element_type=\"widget\" data-widget_type=\"text-editor.default\">\n\t\t\t\t<div class=\"elementor-widget-container\">\n\t\t\t\t\t\t\t<p><strong>Gr\u00e9goire Borst<\/strong> est Professeur de psychologie du D\u00e9veloppement et de neurosciences cognitives de l\u2019\u00e9ducation et Directeur du Laboratoire de Psychologie du D\u00e9veloppement et de l\u2019Education de l\u2019enfant (CNRS). Ses recherches s\u2019int\u00e9ressent au r\u00f4le des fonctions cognitives de haut niveau (m\u00e9tacognition, planification, r\u00e9sistance aux automatismes, r\u00e9gulation \u00e9motionnelle) dans le d\u00e9veloppement cognitif et socio-\u00e9motionnel et dans les apprentissages scolaires chez l&rsquo;enfant, l&rsquo;adolescent et le jeune adulte en combinant des approches comportementales et de neuroimagerie (EEG, NIRS, IRM). Auteur de plus de 90 articles scientifiques, il est \u00e9galement auteur de diff\u00e9rents ouvrages de p\u00e9dagogie (Le cerveau et les apprentissages par exemple) mais aussi d\u2019ouvrages grand public (Mon cerveau \u2013 Questions\/R\u00e9ponses).<\/p>\t\t\t\t\t\t<\/div>\n\t\t\t\t<\/div>\n\t\t\t\t<\/div>\n\t\t\t\t<\/div>\n\t\t<div class=\"elementor-element elementor-element-d023d3f e-con-full e-flex e-con e-parent\" data-id=\"d023d3f\" data-element_type=\"container\" data-settings=\"{&quot;content_width&quot;:&quot;full&quot;}\" data-core-v316-plus=\"true\">\n\t\t<div class=\"elementor-element elementor-element-e85af60 e-con-full e-flex e-con e-child\" data-id=\"e85af60\" data-element_type=\"container\" data-settings=\"{&quot;content_width&quot;:&quot;full&quot;}\">\n\t\t\t\t<div class=\"elementor-element elementor-element-1847204 elementor-widget elementor-widget-image\" data-id=\"1847204\" data-element_type=\"widget\" data-widget_type=\"image.default\">\n\t\t\t\t<div class=\"elementor-widget-container\">\n\t\t\t\t\t\t\t\t\t\t\t\t\t\t\t<img decoding=\"async\" src=\"https:\/\/versundroitneuroethique.eu\/wp-content\/uploads\/elementor\/thumbs\/D.-Boullier-qeaawy8d744ur5yk4u79acyrvg2gloox21ruo9xw40.png\" title=\"D.-Boullier&rsquo;\" alt=\"D.-Boullier'\" loading=\"lazy\" \/>\t\t\t\t\t\t\t\t\t\t\t\t\t\t\t<\/div>\n\t\t\t\t<\/div>\n\t\t\t\t<\/div>\n\t\t<div class=\"elementor-element elementor-element-dc47f65 e-con-full e-flex e-con e-child\" data-id=\"dc47f65\" data-element_type=\"container\" data-settings=\"{&quot;content_width&quot;:&quot;full&quot;}\">\n\t\t\t\t<div class=\"elementor-element elementor-element-960f00a elementor-widget elementor-widget-text-editor\" data-id=\"960f00a\" data-element_type=\"widget\" data-widget_type=\"text-editor.default\">\n\t\t\t\t<div class=\"elementor-widget-container\">\n\t\t\t\t\t\t\t<p><strong>Dominique Boullier <\/strong>est sociologue, Professeur des universit\u00e9s \u00e9m\u00e9rite \u00e0 Sciences Po Paris, sp\u00e9cialiste des technologies cognitives et des propagations et chercheur au CEE (Centre d&rsquo;Etudes Europ\u00e9ennes et de Politique Compar\u00e9e). Il est un observateur attentif des usages de l\u2019internet et auteur de plusieurs ouvrages de r\u00e9f\u00e9rence\u00a0: <em>Sociologie du num\u00e9rique<\/em>, Armand Colin, 2<sup>\u00e8me<\/sup> \u00e9d., 2019\u00a0; <em>Comment sortir de l\u2019emprise des r\u00e9seaux sociaux\u00a0<\/em><em>?<\/em>, \u00e9d. Le Passeur, 2020\u00a0; <em>Propagations. Un nouveau paradigme pour les sciences sociales<\/em>, Armand Colin, 2023.<\/p>\t\t\t\t\t\t<\/div>\n\t\t\t\t<\/div>\n\t\t\t\t<\/div>\n\t\t\t\t<\/div>\n\t\t<div class=\"elementor-element elementor-element-ea6b2d5 e-flex e-con-boxed e-con e-parent\" data-id=\"ea6b2d5\" data-element_type=\"container\" data-settings=\"{&quot;content_width&quot;:&quot;boxed&quot;}\" data-core-v316-plus=\"true\">\n\t\t\t\t\t<div class=\"e-con-inner\">\n\t\t<div class=\"elementor-element elementor-element-63c21d4 e-con-full e-flex e-con e-child\" data-id=\"63c21d4\" data-element_type=\"container\" data-settings=\"{&quot;content_width&quot;:&quot;full&quot;}\">\n\t\t\t\t<div class=\"elementor-element elementor-element-f233c03 elementor-widget elementor-widget-shortcode\" data-id=\"f233c03\" data-element_type=\"widget\" data-widget_type=\"shortcode.default\">\n\t\t\t\t<div class=\"elementor-widget-container\">\n\t\t\t\t\t<div class=\"elementor-shortcode\"><iframe loading=\"lazy\" width=\"560\" height=\"315\" src=\"https:\/\/www.canal-u.tv\/chaines\/vdn\/embed\/148519?t=0\" allowfullscreen><\/iframe><\/div>\n\t\t\t\t<\/div>\n\t\t\t\t<\/div>\n\t\t\t\t<\/div>\n\t\t<div class=\"elementor-element elementor-element-565ac7b e-con-full e-flex e-con e-child\" data-id=\"565ac7b\" data-element_type=\"container\" data-settings=\"{&quot;content_width&quot;:&quot;full&quot;}\">\n\t\t\t\t<div class=\"elementor-element elementor-element-0c2b082 elementor-widget elementor-widget-shortcode\" data-id=\"0c2b082\" data-element_type=\"widget\" data-widget_type=\"shortcode.default\">\n\t\t\t\t<div class=\"elementor-widget-container\">\n\t\t\t\t\t<div class=\"elementor-shortcode\"><iframe loading=\"lazy\" width=\"560\" height=\"315\" src=\"https:\/\/www.canal-u.tv\/chaines\/vdn\/embed\/148511?t=0\" allowfullscreen><\/iframe><\/div>\n\t\t\t\t<\/div>\n\t\t\t\t<\/div>\n\t\t\t\t<\/div>\n\t\t<div class=\"elementor-element elementor-element-0fa0a07 e-con-full e-flex e-con e-child\" data-id=\"0fa0a07\" data-element_type=\"container\" data-settings=\"{&quot;content_width&quot;:&quot;full&quot;}\">\n\t\t\t\t<div class=\"elementor-element elementor-element-5bdfe10 elementor-widget elementor-widget-shortcode\" data-id=\"5bdfe10\" data-element_type=\"widget\" data-widget_type=\"shortcode.default\">\n\t\t\t\t<div class=\"elementor-widget-container\">\n\t\t\t\t\t<div class=\"elementor-shortcode\"><iframe loading=\"lazy\" width=\"560\" height=\"315\" src=\"https:\/\/www.canal-u.tv\/chaines\/vdn\/embed\/148504?t=0\" allowfullscreen><\/iframe><\/div>\n\t\t\t\t<\/div>\n\t\t\t\t<\/div>\n\t\t\t\t<\/div>\n\t\t<div class=\"elementor-element elementor-element-f027815 e-con-full e-flex e-con e-child\" data-id=\"f027815\" data-element_type=\"container\" data-settings=\"{&quot;content_width&quot;:&quot;full&quot;}\">\n\t\t\t\t<div class=\"elementor-element elementor-element-35d2bcc elementor-widget elementor-widget-shortcode\" data-id=\"35d2bcc\" data-element_type=\"widget\" data-widget_type=\"shortcode.default\">\n\t\t\t\t<div class=\"elementor-widget-container\">\n\t\t\t\t\t<div class=\"elementor-shortcode\"><iframe loading=\"lazy\" width=\"560\" height=\"315\" src=\"https:\/\/www.canal-u.tv\/chaines\/vdn\/embed\/148518?t=0\" allowfullscreen><\/iframe><\/div>\n\t\t\t\t<\/div>\n\t\t\t\t<\/div>\n\t\t\t\t<\/div>\n\t\t\t\t\t<\/div>\n\t\t\t\t<\/div>\n\t\t\t\t\t\t\t<\/div>\n\t\t","protected":false},"excerpt":{"rendered":"<p>Atelier 1 Le premier atelier du programme de recherche s\u2019est d\u00e9roul\u00e9 dans les locaux de l\u2019Institut de droit compar\u00e9 (IDC) de l\u2019Universit\u00e9 de Paris II, le jeudi 21 septembre 2023. Intitul\u00e9 \u00ab\u00a0Approche par les neurosciences et la neuropsychologie\u00a0\u00bb, il nous a permis de mieux comprendre comment fonctionne le cerveau et comment il peut \u00eatre manipul\u00e9 [&hellip;]<\/p>\n","protected":false},"author":3,"featured_media":0,"parent":0,"menu_order":0,"comment_status":"closed","ping_status":"closed","template":"","meta":{"footnotes":""},"class_list":["post-261","page","type-page","status-publish","hentry","entry"],"_links":{"self":[{"href":"https:\/\/versundroitneuroethique.eu\/index.php\/wp-json\/wp\/v2\/pages\/261","targetHints":{"allow":["GET"]}}],"collection":[{"href":"https:\/\/versundroitneuroethique.eu\/index.php\/wp-json\/wp\/v2\/pages"}],"about":[{"href":"https:\/\/versundroitneuroethique.eu\/index.php\/wp-json\/wp\/v2\/types\/page"}],"author":[{"embeddable":true,"href":"https:\/\/versundroitneuroethique.eu\/index.php\/wp-json\/wp\/v2\/users\/3"}],"replies":[{"embeddable":true,"href":"https:\/\/versundroitneuroethique.eu\/index.php\/wp-json\/wp\/v2\/comments?post=261"}],"version-history":[{"count":136,"href":"https:\/\/versundroitneuroethique.eu\/index.php\/wp-json\/wp\/v2\/pages\/261\/revisions"}],"predecessor-version":[{"id":1361,"href":"https:\/\/versundroitneuroethique.eu\/index.php\/wp-json\/wp\/v2\/pages\/261\/revisions\/1361"}],"wp:attachment":[{"href":"https:\/\/versundroitneuroethique.eu\/index.php\/wp-json\/wp\/v2\/media?parent=261"}],"curies":[{"name":"wp","href":"https:\/\/api.w.org\/{rel}","templated":true}]}}