{"id":27,"date":"2023-10-13T10:41:36","date_gmt":"2023-10-13T08:41:36","guid":{"rendered":"http:\/\/versuny.cluster028.hosting.ovh.net\/?page_id=27"},"modified":"2025-06-02T17:36:31","modified_gmt":"2025-06-02T15:36:31","slug":"autour-du-projet","status":"publish","type":"page","link":"https:\/\/versundroitneuroethique.eu\/index.php\/autour-du-projet\/","title":{"rendered":"Autour du projet"},"content":{"rendered":"\t\t<div data-elementor-type=\"wp-page\" data-elementor-id=\"27\" class=\"elementor elementor-27\">\n\t\t\t\t\t\t\t\t\t<section class=\"elementor-section elementor-top-section elementor-element elementor-element-a913e1f elementor-section-height-min-height elementor-section-content-middle elementor-section-stretched elementor-section-boxed elementor-section-height-default elementor-section-items-middle\" data-id=\"a913e1f\" data-element_type=\"section\" data-settings=\"{&quot;stretch_section&quot;:&quot;section-stretched&quot;,&quot;background_background&quot;:&quot;classic&quot;}\">\n\t\t\t\t\t\t<div class=\"elementor-container elementor-column-gap-custom\">\n\t\t\t\t\t<div class=\"elementor-column elementor-col-100 elementor-top-column elementor-element elementor-element-e69c467\" data-id=\"e69c467\" data-element_type=\"column\">\n\t\t\t<div class=\"elementor-widget-wrap elementor-element-populated\">\n\t\t\t\t\t\t\t\t<div class=\"elementor-element elementor-element-163982b elementor-widget elementor-widget-heading\" data-id=\"163982b\" data-element_type=\"widget\" data-widget_type=\"heading.default\">\n\t\t\t\t<div class=\"elementor-widget-container\">\n\t\t\t<style>\/*! elementor - v3.16.0 - 09-10-2023 *\/\n.elementor-heading-title{padding:0;margin:0;line-height:1}.elementor-widget-heading .elementor-heading-title[class*=elementor-size-]>a{color:inherit;font-size:inherit;line-height:inherit}.elementor-widget-heading .elementor-heading-title.elementor-size-small{font-size:15px}.elementor-widget-heading .elementor-heading-title.elementor-size-medium{font-size:19px}.elementor-widget-heading .elementor-heading-title.elementor-size-large{font-size:29px}.elementor-widget-heading .elementor-heading-title.elementor-size-xl{font-size:39px}.elementor-widget-heading .elementor-heading-title.elementor-size-xxl{font-size:59px}<\/style><h2 class=\"elementor-heading-title elementor-size-default\">Autour du projet<\/h2>\t\t<\/div>\n\t\t\t\t<\/div>\n\t\t\t\t<div class=\"elementor-element elementor-element-8c441af elementor-widget-divider--view-line elementor-widget elementor-widget-divider\" data-id=\"8c441af\" data-element_type=\"widget\" data-widget_type=\"divider.default\">\n\t\t\t\t<div class=\"elementor-widget-container\">\n\t\t\t<style>\/*! elementor - v3.16.0 - 09-10-2023 *\/\n.elementor-widget-divider{--divider-border-style:none;--divider-border-width:1px;--divider-color:#0c0d0e;--divider-icon-size:20px;--divider-element-spacing:10px;--divider-pattern-height:24px;--divider-pattern-size:20px;--divider-pattern-url:none;--divider-pattern-repeat:repeat-x}.elementor-widget-divider .elementor-divider{display:flex}.elementor-widget-divider .elementor-divider__text{font-size:15px;line-height:1;max-width:95%}.elementor-widget-divider .elementor-divider__element{margin:0 var(--divider-element-spacing);flex-shrink:0}.elementor-widget-divider .elementor-icon{font-size:var(--divider-icon-size)}.elementor-widget-divider .elementor-divider-separator{display:flex;margin:0;direction:ltr}.elementor-widget-divider--view-line_icon .elementor-divider-separator,.elementor-widget-divider--view-line_text .elementor-divider-separator{align-items:center}.elementor-widget-divider--view-line_icon .elementor-divider-separator:after,.elementor-widget-divider--view-line_icon .elementor-divider-separator:before,.elementor-widget-divider--view-line_text .elementor-divider-separator:after,.elementor-widget-divider--view-line_text .elementor-divider-separator:before{display:block;content:\"\";border-bottom:0;flex-grow:1;border-top:var(--divider-border-width) var(--divider-border-style) var(--divider-color)}.elementor-widget-divider--element-align-left .elementor-divider .elementor-divider-separator>.elementor-divider__svg:first-of-type{flex-grow:0;flex-shrink:100}.elementor-widget-divider--element-align-left .elementor-divider-separator:before{content:none}.elementor-widget-divider--element-align-left .elementor-divider__element{margin-left:0}.elementor-widget-divider--element-align-right .elementor-divider .elementor-divider-separator>.elementor-divider__svg:last-of-type{flex-grow:0;flex-shrink:100}.elementor-widget-divider--element-align-right .elementor-divider-separator:after{content:none}.elementor-widget-divider--element-align-right .elementor-divider__element{margin-right:0}.elementor-widget-divider:not(.elementor-widget-divider--view-line_text):not(.elementor-widget-divider--view-line_icon) .elementor-divider-separator{border-top:var(--divider-border-width) var(--divider-border-style) var(--divider-color)}.elementor-widget-divider--separator-type-pattern{--divider-border-style:none}.elementor-widget-divider--separator-type-pattern.elementor-widget-divider--view-line .elementor-divider-separator,.elementor-widget-divider--separator-type-pattern:not(.elementor-widget-divider--view-line) .elementor-divider-separator:after,.elementor-widget-divider--separator-type-pattern:not(.elementor-widget-divider--view-line) .elementor-divider-separator:before,.elementor-widget-divider--separator-type-pattern:not([class*=elementor-widget-divider--view]) .elementor-divider-separator{width:100%;min-height:var(--divider-pattern-height);-webkit-mask-size:var(--divider-pattern-size) 100%;mask-size:var(--divider-pattern-size) 100%;-webkit-mask-repeat:var(--divider-pattern-repeat);mask-repeat:var(--divider-pattern-repeat);background-color:var(--divider-color);-webkit-mask-image:var(--divider-pattern-url);mask-image:var(--divider-pattern-url)}.elementor-widget-divider--no-spacing{--divider-pattern-size:auto}.elementor-widget-divider--bg-round{--divider-pattern-repeat:round}.rtl .elementor-widget-divider .elementor-divider__text{direction:rtl}.e-con-inner>.elementor-widget-divider,.e-con>.elementor-widget-divider{width:var(--container-widget-width,100%);--flex-grow:var(--container-widget-flex-grow)}<\/style>\t\t<div class=\"elementor-divider\">\n\t\t\t<span class=\"elementor-divider-separator\">\n\t\t\t\t\t\t<\/span>\n\t\t<\/div>\n\t\t\t\t<\/div>\n\t\t\t\t<\/div>\n\t\t\t\t\t<\/div>\n\t\t<\/div>\n\t\t\t\t\t\t\t<\/div>\n\t\t<\/section>\n\t\t<div class=\"elementor-element elementor-element-b4814f4 e-flex e-con-boxed e-con e-parent\" data-id=\"b4814f4\" data-element_type=\"container\" data-settings=\"{&quot;content_width&quot;:&quot;boxed&quot;}\" data-core-v316-plus=\"true\">\n\t\t\t\t\t<div class=\"e-con-inner\">\n\t\t<div class=\"elementor-element elementor-element-129896e e-flex e-con-boxed e-con e-child\" data-id=\"129896e\" data-element_type=\"container\" data-settings=\"{&quot;content_width&quot;:&quot;boxed&quot;}\">\n\t\t\t\t\t<div class=\"e-con-inner\">\n\t\t\t\t<div class=\"elementor-element elementor-element-d3ad638 elementor-widget elementor-widget-text-editor\" data-id=\"d3ad638\" data-element_type=\"widget\" data-widget_type=\"text-editor.default\">\n\t\t\t\t<div class=\"elementor-widget-container\">\n\t\t\t<style>\/*! elementor - v3.16.0 - 09-10-2023 *\/\n.elementor-widget-text-editor.elementor-drop-cap-view-stacked .elementor-drop-cap{background-color:#69727d;color:#fff}.elementor-widget-text-editor.elementor-drop-cap-view-framed .elementor-drop-cap{color:#69727d;border:3px solid;background-color:transparent}.elementor-widget-text-editor:not(.elementor-drop-cap-view-default) .elementor-drop-cap{margin-top:8px}.elementor-widget-text-editor:not(.elementor-drop-cap-view-default) .elementor-drop-cap-letter{width:1em;height:1em}.elementor-widget-text-editor .elementor-drop-cap{float:left;text-align:center;line-height:1;font-size:50px}.elementor-widget-text-editor .elementor-drop-cap-letter{display:inline-block}<\/style>\t\t\t\t<p>Le programme de recherche <em>\u00ab <strong>Vers l\u2019\u00e9mergence d\u2019un droit neuro-\u00e9thique \u00e9rig\u00e9 en contrepoint des droits revisit\u00e9s par le num\u00e9rique ? R\u00e9flexion \u00e0 partir du droit de la consommation<\/strong> \u00bb <\/em>a \u00e9t\u00e9 pr\u00e9sent\u00e9 par Juliette S\u00e9n\u00e9chal et Sabine Bernheim-Desvaux lors de la troisi\u00e8me journ\u00e9e d&rsquo;\u00e9tudes organis\u00e9e par l&rsquo;Arcom le 14 novembre 2024.<\/p><p>La vid\u00e9o de la pr\u00e9sentation est d\u00e9sormais disponible sur le site de l\u2019Arcom : <a href=\"https:\/\/www.arcom.fr\/actualites\/troisieme-journee-detudes-de-larcom-presentation-des-travaux-des-chercheurs-sur-les-medias-audiovisuels-et-numeriques\">https:\/\/www.arcom.fr\/actualites\/troisieme-journee-detudes-de-larcom-presentation-des-travaux-des-chercheurs-sur-les-medias-audiovisuels-et-numeriques<\/a><\/p>\t\t\t\t\t\t<\/div>\n\t\t\t\t<\/div>\n\t\t\t\t\t<\/div>\n\t\t\t\t<\/div>\n\t\t\t\t\t<\/div>\n\t\t\t\t<\/div>\n\t\t<div class=\"elementor-element elementor-element-3048aa5 e-flex e-con-boxed e-con e-parent\" data-id=\"3048aa5\" data-element_type=\"container\" data-settings=\"{&quot;content_width&quot;:&quot;boxed&quot;}\" data-core-v316-plus=\"true\">\n\t\t\t\t\t<div class=\"e-con-inner\">\n\t\t\t\t<div class=\"elementor-element elementor-element-d55c664 elementor-drop-cap-yes elementor-drop-cap-view-default elementor-widget elementor-widget-text-editor\" data-id=\"d55c664\" data-element_type=\"widget\" data-settings=\"{&quot;drop_cap&quot;:&quot;yes&quot;}\" data-widget_type=\"text-editor.default\">\n\t\t\t\t<div class=\"elementor-widget-container\">\n\t\t\t\t\t\t\t<p>Le programme de recherche <em>\u00ab <strong>Vers l\u2019\u00e9mergence d\u2019un droit neuro-\u00e9thique \u00e9rig\u00e9 en contrepoint des droits revisit\u00e9s par le num\u00e9rique ? R\u00e9flexion \u00e0 partir du droit de la consommation<\/strong> \u00bb <\/em>a \u00e9t\u00e9 pr\u00e9sent\u00e9 par Juliette S\u00e9n\u00e9chal et Sabine Bernheim-Desvaux lors des Dauphine Digital Days le 19 novembre 2024.\u00a0 Plus pr\u00e9cis\u00e9ment, leur intervention a port\u00e9 sur les pratiques d&rsquo;IA manipulatrices.<\/p><p>La vid\u00e9o de la pr\u00e9sentation est d\u00e9sormais disponible sur la\u00a0 <a href=\"https:\/\/www.youtube.com\/watch?v=dshv4coCMUY\">Chaine You Tube<\/a> des Dauphine Digital Days :\u00a0 <a href=\"https:\/\/www.youtube.com\/watch?v=dJ1KrrHkEW4&amp;list=PLnSGw9Zn5xOws0dGBVELeEjRqV2G6_aRw&amp;index=6\">https:\/\/www.youtube.com\/watch?v=dJ1KrrHkEW4&amp;list=PLnSGw9Zn5xOws0dGBVELeEjRqV2G6_aRw&amp;index=6<\/a><\/p>\t\t\t\t\t\t<\/div>\n\t\t\t\t<\/div>\n\t\t\t\t\t<\/div>\n\t\t\t\t<\/div>\n\t\t<div class=\"elementor-element elementor-element-8981f71 e-flex e-con-boxed e-con e-parent\" data-id=\"8981f71\" data-element_type=\"container\" data-settings=\"{&quot;content_width&quot;:&quot;boxed&quot;}\" data-core-v316-plus=\"true\">\n\t\t\t\t\t<div class=\"e-con-inner\">\n\t\t\t\t<div class=\"elementor-element elementor-element-012eb7c elementor-widget elementor-widget-text-editor\" data-id=\"012eb7c\" data-element_type=\"widget\" data-widget_type=\"text-editor.default\">\n\t\t\t\t<div class=\"elementor-widget-container\">\n\t\t\t\t\t\t\t<p><strong>The Conversation<\/strong> a publi\u00e9 un bref article co-\u00e9crit par S. Bernheim-Desvaux et J. S\u00e9n\u00e9chal intitul\u00e9 :\u00a0 \u00ab Quand l\u2019IA nous manipule : comment r\u00e9guler les pratiques qui malm\u00e8nent notre libre arbitre ? \u00bb\u00a0<\/p><p>Le lien vers l&rsquo;article:\u00a0<a href=\"https:\/\/theconversation.com\/quand-lia-nous-manipule-comment-reguler-les-pratiques-qui-malmenent-notre-libre-arbitre-246930\">https:\/\/theconversation.com\/quand-lia-nous-manipule-comment-reguler-les-pratiques-qui-malmenent-notre-libre-arbitre-246930<\/a><\/p>\t\t\t\t\t\t<\/div>\n\t\t\t\t<\/div>\n\t\t\t\t\t<\/div>\n\t\t\t\t<\/div>\n\t\t<div class=\"elementor-element elementor-element-803ec18 e-flex e-con-boxed e-con e-parent\" data-id=\"803ec18\" data-element_type=\"container\" data-settings=\"{&quot;content_width&quot;:&quot;boxed&quot;}\" data-core-v316-plus=\"true\">\n\t\t\t\t\t<div class=\"e-con-inner\">\n\t\t\t\t<div class=\"elementor-element elementor-element-74a2288 elementor-widget elementor-widget-text-editor\" data-id=\"74a2288\" data-element_type=\"widget\" data-widget_type=\"text-editor.default\">\n\t\t\t\t<div class=\"elementor-widget-container\">\n\t\t\t\t\t\t\t<p><strong>L&rsquo;ouvrage collectif<\/strong> \u00ab\u00a0Vers un droit neuro-\u00e9thique? R\u00e9flexion \u00e0 partir des pratiques num\u00e9riques d&rsquo;influence et de manipulation des consommateurs\u00a0\u00bb, paru aux \u00e9ditions de l&rsquo;IRJS en mai 2025, a \u00e9t\u00e9 pr\u00e9sent\u00e9 par S. Bernheim-Desvaux et J. S\u00e9n\u00e9chal \u00e0 la conf\u00e9rence annuelle sur la gouvernance de l&rsquo;internet \u00ab\u00a0NetGouv 25\u00a0\u00bb le 28 mai 2025, organis\u00e9e par L. Castex et J. Rossi \u00e0 la maison de la recherche de l&rsquo;Universit\u00e9 Sorbonne nouvelle.<\/p><p>Pour plus d&rsquo;informations sur l&rsquo;ouvrage: V. l&rsquo;onglet Publication et le lien vers le site de l&rsquo;IRJS:\u00a0 <a href=\"https:\/\/versundroitneuroethique.eu\/wp-content\/uploads\/2025\/06\/fiche_nouveaute_irjs-1.pdf\">fiche_nouveaute_irjs<\/a><\/p><p>\u00a0<\/p>\t\t\t\t\t\t<\/div>\n\t\t\t\t<\/div>\n\t\t\t\t\t<\/div>\n\t\t\t\t<\/div>\n\t\t\t\t\t\t\t<\/div>\n\t\t","protected":false},"excerpt":{"rendered":"<p>Autour du projet Le programme de recherche \u00ab Vers l\u2019\u00e9mergence d\u2019un droit neuro-\u00e9thique \u00e9rig\u00e9 en contrepoint des droits revisit\u00e9s par le num\u00e9rique ? R\u00e9flexion \u00e0 partir du droit de la consommation \u00bb a \u00e9t\u00e9 pr\u00e9sent\u00e9 par Juliette S\u00e9n\u00e9chal et Sabine Bernheim-Desvaux lors de la troisi\u00e8me journ\u00e9e d&rsquo;\u00e9tudes organis\u00e9e par l&rsquo;Arcom le 14 novembre 2024. La [&hellip;]<\/p>\n","protected":false},"author":3,"featured_media":0,"parent":0,"menu_order":0,"comment_status":"closed","ping_status":"closed","template":"","meta":{"footnotes":""},"class_list":["post-27","page","type-page","status-publish","hentry","entry"],"_links":{"self":[{"href":"https:\/\/versundroitneuroethique.eu\/index.php\/wp-json\/wp\/v2\/pages\/27","targetHints":{"allow":["GET"]}}],"collection":[{"href":"https:\/\/versundroitneuroethique.eu\/index.php\/wp-json\/wp\/v2\/pages"}],"about":[{"href":"https:\/\/versundroitneuroethique.eu\/index.php\/wp-json\/wp\/v2\/types\/page"}],"author":[{"embeddable":true,"href":"https:\/\/versundroitneuroethique.eu\/index.php\/wp-json\/wp\/v2\/users\/3"}],"replies":[{"embeddable":true,"href":"https:\/\/versundroitneuroethique.eu\/index.php\/wp-json\/wp\/v2\/comments?post=27"}],"version-history":[{"count":49,"href":"https:\/\/versundroitneuroethique.eu\/index.php\/wp-json\/wp\/v2\/pages\/27\/revisions"}],"predecessor-version":[{"id":1866,"href":"https:\/\/versundroitneuroethique.eu\/index.php\/wp-json\/wp\/v2\/pages\/27\/revisions\/1866"}],"wp:attachment":[{"href":"https:\/\/versundroitneuroethique.eu\/index.php\/wp-json\/wp\/v2\/media?parent=27"}],"curies":[{"name":"wp","href":"https:\/\/api.w.org\/{rel}","templated":true}]}}