{"id":561,"date":"2023-11-10T15:31:32","date_gmt":"2023-11-10T14:31:32","guid":{"rendered":"http:\/\/versuny.cluster028.hosting.ovh.net\/?page_id=561"},"modified":"2024-05-28T17:36:08","modified_gmt":"2024-05-28T15:36:08","slug":"contributeurs","status":"publish","type":"page","link":"https:\/\/versundroitneuroethique.eu\/index.php\/contributeurs\/","title":{"rendered":"Contributeurs"},"content":{"rendered":"\t\t<div data-elementor-type=\"wp-page\" data-elementor-id=\"561\" class=\"elementor elementor-561\">\n\t\t\t\t\t\t\t\t\t<section class=\"elementor-section elementor-top-section elementor-element elementor-element-2768a07 elementor-section-height-min-height elementor-section-content-middle elementor-section-stretched elementor-section-boxed elementor-section-height-default elementor-section-items-middle\" data-id=\"2768a07\" data-element_type=\"section\" data-settings=\"{&quot;stretch_section&quot;:&quot;section-stretched&quot;,&quot;background_background&quot;:&quot;classic&quot;}\">\n\t\t\t\t\t\t<div class=\"elementor-container elementor-column-gap-custom\">\n\t\t\t\t\t<div class=\"elementor-column elementor-col-100 elementor-top-column elementor-element elementor-element-a9f8df6\" data-id=\"a9f8df6\" data-element_type=\"column\">\n\t\t\t<div class=\"elementor-widget-wrap elementor-element-populated\">\n\t\t\t\t\t\t\t\t<div class=\"elementor-element elementor-element-ce7d068 elementor-widget elementor-widget-heading\" data-id=\"ce7d068\" data-element_type=\"widget\" data-widget_type=\"heading.default\">\n\t\t\t\t<div class=\"elementor-widget-container\">\n\t\t\t<style>\/*! elementor - v3.16.0 - 09-10-2023 *\/\n.elementor-heading-title{padding:0;margin:0;line-height:1}.elementor-widget-heading .elementor-heading-title[class*=elementor-size-]>a{color:inherit;font-size:inherit;line-height:inherit}.elementor-widget-heading .elementor-heading-title.elementor-size-small{font-size:15px}.elementor-widget-heading .elementor-heading-title.elementor-size-medium{font-size:19px}.elementor-widget-heading .elementor-heading-title.elementor-size-large{font-size:29px}.elementor-widget-heading .elementor-heading-title.elementor-size-xl{font-size:39px}.elementor-widget-heading .elementor-heading-title.elementor-size-xxl{font-size:59px}<\/style><h2 class=\"elementor-heading-title elementor-size-default\">Contributeurs<\/h2>\t\t<\/div>\n\t\t\t\t<\/div>\n\t\t\t\t<div class=\"elementor-element elementor-element-c923675 elementor-widget-divider--view-line elementor-widget elementor-widget-divider\" data-id=\"c923675\" data-element_type=\"widget\" data-widget_type=\"divider.default\">\n\t\t\t\t<div class=\"elementor-widget-container\">\n\t\t\t<style>\/*! elementor - v3.16.0 - 09-10-2023 *\/\n.elementor-widget-divider{--divider-border-style:none;--divider-border-width:1px;--divider-color:#0c0d0e;--divider-icon-size:20px;--divider-element-spacing:10px;--divider-pattern-height:24px;--divider-pattern-size:20px;--divider-pattern-url:none;--divider-pattern-repeat:repeat-x}.elementor-widget-divider .elementor-divider{display:flex}.elementor-widget-divider .elementor-divider__text{font-size:15px;line-height:1;max-width:95%}.elementor-widget-divider .elementor-divider__element{margin:0 var(--divider-element-spacing);flex-shrink:0}.elementor-widget-divider .elementor-icon{font-size:var(--divider-icon-size)}.elementor-widget-divider .elementor-divider-separator{display:flex;margin:0;direction:ltr}.elementor-widget-divider--view-line_icon .elementor-divider-separator,.elementor-widget-divider--view-line_text .elementor-divider-separator{align-items:center}.elementor-widget-divider--view-line_icon .elementor-divider-separator:after,.elementor-widget-divider--view-line_icon .elementor-divider-separator:before,.elementor-widget-divider--view-line_text .elementor-divider-separator:after,.elementor-widget-divider--view-line_text .elementor-divider-separator:before{display:block;content:\"\";border-bottom:0;flex-grow:1;border-top:var(--divider-border-width) var(--divider-border-style) var(--divider-color)}.elementor-widget-divider--element-align-left .elementor-divider .elementor-divider-separator>.elementor-divider__svg:first-of-type{flex-grow:0;flex-shrink:100}.elementor-widget-divider--element-align-left .elementor-divider-separator:before{content:none}.elementor-widget-divider--element-align-left .elementor-divider__element{margin-left:0}.elementor-widget-divider--element-align-right .elementor-divider .elementor-divider-separator>.elementor-divider__svg:last-of-type{flex-grow:0;flex-shrink:100}.elementor-widget-divider--element-align-right .elementor-divider-separator:after{content:none}.elementor-widget-divider--element-align-right .elementor-divider__element{margin-right:0}.elementor-widget-divider:not(.elementor-widget-divider--view-line_text):not(.elementor-widget-divider--view-line_icon) .elementor-divider-separator{border-top:var(--divider-border-width) var(--divider-border-style) var(--divider-color)}.elementor-widget-divider--separator-type-pattern{--divider-border-style:none}.elementor-widget-divider--separator-type-pattern.elementor-widget-divider--view-line .elementor-divider-separator,.elementor-widget-divider--separator-type-pattern:not(.elementor-widget-divider--view-line) .elementor-divider-separator:after,.elementor-widget-divider--separator-type-pattern:not(.elementor-widget-divider--view-line) .elementor-divider-separator:before,.elementor-widget-divider--separator-type-pattern:not([class*=elementor-widget-divider--view]) .elementor-divider-separator{width:100%;min-height:var(--divider-pattern-height);-webkit-mask-size:var(--divider-pattern-size) 100%;mask-size:var(--divider-pattern-size) 100%;-webkit-mask-repeat:var(--divider-pattern-repeat);mask-repeat:var(--divider-pattern-repeat);background-color:var(--divider-color);-webkit-mask-image:var(--divider-pattern-url);mask-image:var(--divider-pattern-url)}.elementor-widget-divider--no-spacing{--divider-pattern-size:auto}.elementor-widget-divider--bg-round{--divider-pattern-repeat:round}.rtl .elementor-widget-divider .elementor-divider__text{direction:rtl}.e-con-inner>.elementor-widget-divider,.e-con>.elementor-widget-divider{width:var(--container-widget-width,100%);--flex-grow:var(--container-widget-flex-grow)}<\/style>\t\t<div class=\"elementor-divider\">\n\t\t\t<span class=\"elementor-divider-separator\">\n\t\t\t\t\t\t<\/span>\n\t\t<\/div>\n\t\t\t\t<\/div>\n\t\t\t\t<\/div>\n\t\t\t\t\t<\/div>\n\t\t<\/div>\n\t\t\t\t\t\t\t<\/div>\n\t\t<\/section>\n\t\t<div class=\"elementor-element elementor-element-6ed2022 e-con-full e-flex e-con e-parent\" data-id=\"6ed2022\" data-element_type=\"container\" data-settings=\"{&quot;content_width&quot;:&quot;full&quot;}\" data-core-v316-plus=\"true\">\n\t\t\t\t<div class=\"elementor-element elementor-element-2be5c7e elementor-widget elementor-widget-text-editor\" data-id=\"2be5c7e\" data-element_type=\"widget\" data-widget_type=\"text-editor.default\">\n\t\t\t\t<div class=\"elementor-widget-container\">\n\t\t\t<style>\/*! elementor - v3.16.0 - 09-10-2023 *\/\n.elementor-widget-text-editor.elementor-drop-cap-view-stacked .elementor-drop-cap{background-color:#69727d;color:#fff}.elementor-widget-text-editor.elementor-drop-cap-view-framed .elementor-drop-cap{color:#69727d;border:3px solid;background-color:transparent}.elementor-widget-text-editor:not(.elementor-drop-cap-view-default) .elementor-drop-cap{margin-top:8px}.elementor-widget-text-editor:not(.elementor-drop-cap-view-default) .elementor-drop-cap-letter{width:1em;height:1em}.elementor-widget-text-editor .elementor-drop-cap{float:left;text-align:center;line-height:1;font-size:50px}.elementor-widget-text-editor .elementor-drop-cap-letter{display:inline-block}<\/style>\t\t\t\t<ul><li><strong>Rafael<\/strong>\u00a0<strong>AMARO,\u00a0<\/strong>Professeur de droit priv\u00e9 \u00e0 l\u2019Universit\u00e9 Caen Normandie<\/li><li><strong>Linda ARCELIN<\/strong>, Professeure en droit priv\u00e9 et sciences criminelles \u00e0 l\u2019Universit\u00e9 de la Rochelle<\/li><li><strong>Carole AUBERT DE VINCELLES<\/strong>, Professeure en droit priv\u00e9 et sciences criminelles \u00e0 l\u2019Universit\u00e9 CY Cergy Paris Universit\u00e9, Directrice de la Chaire\u00a0<em>Droit de la consommation<\/em>, Co-fondatrice de\u00a0<em>Trans Europe Expert<\/em><\/li><li><strong>Christine BARATELLI<\/strong>, Directrice adjointe \u2013 P\u00f4le juridique, RSE et gouvernance des entreprises MEDEF<\/li><li><strong>Martine BEHAR-TOUCHAIS, <\/strong>Professeure en droit priv\u00e9 et en sciences criminelles \u00e0 l\u2019Universit\u00e9 de Paris I Panth\u00e9on-Sorbonne<\/li><li><strong>Nataliia BIELOVA, <\/strong>Charg\u00e9e de recherche \u00e0 l\u2019Institut national de recherche en informatique et en automatique (INRIA Sophia Antipolis), Universit\u00e9 Cot\u00e9 d&rsquo;Azur<\/li><li><strong>Alexandra BENSAMOUN<\/strong>, Professeure en droit priv\u00e9 et sciences criminelles \u00e0 l\u2019Universit\u00e9 Paris Saclay<\/li><li><strong>Gr\u00e9goire BORST<\/strong>, Professeur de psychologie du d\u00e9veloppement et de neurosciences cognitives de l\u2019\u00e9ducation \u00e0 l\u2019Universit\u00e9 de Paris, Directeur du LaPsyDe (CNRS)<\/li><li><strong>Dominique BOULLIER<\/strong>, Professeur des universit\u00e9s en sociologie, Sciences Po Paris<\/li><li><strong>Laurent CADILLON<\/strong>, Chef de la Cellule num\u00e9rique de la DGCCRF<\/li><li><strong>Claude CASTELLUCCIA<\/strong>, Directeur de recherche \u00e0 l\u2019Institut national de recherche en informatique et en automatique (INRIA Grenoble), membre de la Commission nationale informatique et libert\u00e9s (CNIL)<\/li><li><strong>Lucien<\/strong>\u00a0<strong>CASTEX<\/strong>, Repr\u00e9sentant pour les affaires publiques de l\u2019AFNIC, chercheur \u00e0 l\u2019Universit\u00e9 Paris Sorbonne nouvelle, membre de la Commission nationale consultative sur les droits de l\u2019homme (CNCDH)<\/li><li><strong>Caroline CUNY<\/strong>, Professeur en Marketing, Grenoble \u00c9cole de Management<\/li><li><strong>Marie DANET<\/strong>, Ma\u00eetre de conf\u00e9rences en psychologie \u00e0 l\u2019Universit\u00e9 de Lille<\/li><li><strong>Xavier DELPECH<\/strong>, Professeur associe\u0301 \u00e0 l\u2019Universit\u00e9\u0301 Jean Moulin Lyon 3, R\u00e9dacteur en chef de la Revue trimestrielle de droit commercial<\/li><li><strong>Sonia<\/strong>\u00a0<strong>DESMOULINS-CANSELIER<\/strong>, Docteur en droit priv\u00e9, Charg\u00e9e de recherche CNRS, Universit\u00e9 de Nantes<\/li><li><strong>Fatou DIALLO<\/strong>, Directrice du Service national des enqu\u00eates de la DGCCRF<\/li><li><strong>Patricia FOUCHER,\u00a0<\/strong>Cheffe du service juridique, \u00e9conomique et documentation de l\u2019Institut national de la consommation (INC)<\/li><li><strong>Oana GOGA<\/strong>, Charg\u00e9e de recherche CNRS au sein de l\u2019\u00e9quipe INRIA CEDAR au Laboratoire d\u2019Informatique de l\u2019Ecole Polytechnique<\/li><li><strong>Marion HO-DAC<\/strong>, Professeure en droit priv\u00e9 et en sciences criminelles \u00e0 l\u2019Universit\u00e9 d\u2019Artois<\/li><li><strong>Zo\u00e9 JACQUEMIN<\/strong>, Professeure en droit priv\u00e9 et en sciences criminelles \u00e0 l\u2019Universit\u00e9 de Toulouse Capitole, Pr\u00e9sidente de\u00a0<em>Trans Europe Expert<\/em><\/li><li><strong>Claude KIRCHNER<\/strong>, Directeur de recherche \u00e9m\u00e9rite de l\u2019INRIA, Directeur du Comit\u00e9 national pilote d\u2019\u00e9thique du num\u00e9rique<\/li><li><strong>Magali JALADE<\/strong>, Directrice des affaires publiques et juridiques de l\u2019Autorit\u00e9 de r\u00e9gulation professionnelle de la publicit\u00e9 (ARPP)<\/li><li><strong>Luc GRYNBAUM<\/strong>, Professeur \u00e0 l\u2019Universit\u00e9 Paris Cit\u00e9, Chef du D\u00e9partement Droit Economie et Gestion de l\u2019Universit\u00e9 Sorbonne Abu Dhabi<\/li><li><strong>Ludovic HOYET<\/strong>, Charg\u00e9 de recherche \u00e0 l\u2019Institut national de recherche en informatique et en automatique (INRIA Rennes), habilit\u00e9 \u00e0 diriger des recherches<\/li><li><strong>Marianne LEFORT<\/strong>, Adjointe du chef du bureau Droit de la consommation \u00e0 la Direction g\u00e9n\u00e9rale de la concurrence, de la consommation et de la r\u00e9pression des fraudes (DGCCRF)<\/li><li><strong>Marylou LE ROY<\/strong>, Docteure en droit en droit priv\u00e9 et sciences criminelles, Chercheuse en contrat postdoctoral \u00e0 l\u2019Universit\u00e9 Paris I Panth\u00e9on-Sorbonne<\/li><li><strong>Gr\u00e9goire LOISEAU<\/strong>, Professeur en droit priv\u00e9 et sciences criminelles \u00e0 l\u2019Universit\u00e9 Paris I \u2013 Panth\u00e9on Sorbonne<\/li><li><strong>Marc LOLIVIER<\/strong>, D\u00e9l\u00e9gu\u00e9 g\u00e9n\u00e9ral de la F\u00e9d\u00e9ration du e-commerce et de la vente \u00e0 distance (FEVAD)<\/li><li><strong>Beno\u00eet LOUTREL<\/strong>, Membre du coll\u00e8ge de l\u2019Arcom et pr\u00e9sident du groupe de travail \u00ab\u00a0Supervision des plateformes en ligne\u00a0\u00bb<\/li><li><strong>Marie MALAURIE<\/strong>, Professeure en droit priv\u00e9 et sciences criminelles \u00e0 l&rsquo;Universit\u00e9 Paris-Saclay Versailles &#8211; Saint Quentin en Yvelines<\/li><li><strong>Nathalie MARTIAL-BRAZ<\/strong>, Professeure en droit priv\u00e9 et sciences criminelles \u00e0 l\u2019Universit\u00e9 Paris-Cit\u00e9, D\u00e9tach\u00e9e aupr\u00e8s de Sorbonne University Abu Dhabi<\/li><li><strong>Yannick MENECEUR<\/strong>, Magistrat en disponibilit\u00e9, Chef de la division centrale (Direction g\u00e9n\u00e9rale des droits humains et de l\u2019Etat de droit) au Conseil de l\u2019Europe, Ma\u00eetre de conf\u00e9rences associ\u00e9 \u00e0 l\u2019Universit\u00e9 de Strasbourg<\/li><li><strong>Philippe MENEI<\/strong>, Professeur des universit\u00e9s en neurochirurgie, Chef de Service, D\u00e9partement de neurochirurgie du CHU d&rsquo;Angers<\/li><li><strong>C\u00e9cile PELLEGRINI<\/strong>, Ma\u00eetre de conf\u00e9rences en droit priv\u00e9 et sciences criminelles \u00e0 l\u2019Universit\u00e9 catholique de Lyon (UCLy)<\/li><li><strong>Judith ROCHFELD<\/strong>, Professeure en droit priv\u00e9 et en sciences criminelles \u00e0 l\u2019Universit\u00e9 de Paris I Panth\u00e9on-Sorbonne<\/li><li><strong>Ralph ROGGENBUCK<\/strong>, Juriste senior au Centre europ\u00e9en des consommateurs France (CEC)<\/li><li><strong>B\u00e9atrice ROUSSILLON<\/strong>, Ma\u00eetre de conf\u00e9rences en sciences \u00e9conomiques \u00e0 l\u2019Universit\u00e9 de Grenoble Alpes<\/li><li><strong>Bernard SABLONNIERE<\/strong>, Professeur des universit\u00e9s en biochimie et biologie mol\u00e9culaire \u00e0 l\u2019Universit\u00e9 de Lille<\/li><li><strong>Hakim SI-MOHAMMED<\/strong>, Ma\u00eetre de conf\u00e9rences en g\u00e9nie informatique, automatique et traitement du signal, Universit\u00e9 de Lille<\/li><li><strong>Marie-Amandine STEVENIN,\u00a0<\/strong>Pr\u00e9sidente de l\u2019UFC Que choisir<\/li><li><strong>Elsa<\/strong>\u00a0<strong>SUPIOT<\/strong>, Professeure en droit priv\u00e9 et en sciences criminelles \u00e0 l\u2019Universit\u00e9 d\u2019Angers<\/li><li><strong>Cristiana TEIXEIRA SANTOS<\/strong>, Assistant Professor, Utrecht University<\/li><li><strong>Laure<\/strong>\u00a0<strong>THOMASSET<\/strong>, Ma\u00eetre de conf\u00e9rences en droit priv\u00e9 \u00e0 l\u2019Institut catholique de Paris<\/li><li><strong>Vincent TOUBIANA<\/strong>, Responsable du Laboratoire d&rsquo;innovation num\u00e9rique de la CNIL (LINC)<\/li><li><strong>F\u00e9licien VALLET<\/strong>, Chef du service Intelligence artificielle, CNIL<\/li><li><strong>C\u00e9lia ZOLYNSKI<\/strong>, Professeure en droit priv\u00e9 et sciences criminelles \u00e0 l\u2019Universit\u00e9 Paris I Panth\u00e9on-Sorbonne, Membre du Comit\u00e9 national d&rsquo;\u00e9thique du num\u00e9rique (CNPEN)<\/li><\/ul>\t\t\t\t\t\t<\/div>\n\t\t\t\t<\/div>\n\t\t\t\t<\/div>\n\t\t<div class=\"elementor-element elementor-element-2f989e1 e-con-full e-flex e-con e-parent\" data-id=\"2f989e1\" data-element_type=\"container\" data-settings=\"{&quot;content_width&quot;:&quot;full&quot;}\" data-core-v316-plus=\"true\">\n\t\t\t\t<div class=\"elementor-element elementor-element-2217a50 elementor-widget elementor-widget-text-editor\" data-id=\"2217a50\" data-element_type=\"widget\" data-widget_type=\"text-editor.default\">\n\t\t\t\t<div class=\"elementor-widget-container\">\n\t\t\t\t\t\t\t\t\t\t\t\t\t<\/div>\n\t\t\t\t<\/div>\n\t\t\t\t<\/div>\n\t\t\t\t\t\t\t<\/div>\n\t\t","protected":false},"excerpt":{"rendered":"<p>Contributeurs Rafael\u00a0AMARO,\u00a0Professeur de droit priv\u00e9 \u00e0 l\u2019Universit\u00e9 Caen Normandie Linda ARCELIN, Professeure en droit priv\u00e9 et sciences criminelles \u00e0 l\u2019Universit\u00e9 de la Rochelle Carole AUBERT DE VINCELLES, Professeure en droit priv\u00e9 et sciences criminelles \u00e0 l\u2019Universit\u00e9 CY Cergy Paris Universit\u00e9, Directrice de la Chaire\u00a0Droit de la consommation, Co-fondatrice de\u00a0Trans Europe Expert Christine BARATELLI, Directrice adjointe [&hellip;]<\/p>\n","protected":false},"author":3,"featured_media":0,"parent":0,"menu_order":0,"comment_status":"closed","ping_status":"closed","template":"","meta":{"footnotes":""},"class_list":["post-561","page","type-page","status-publish","hentry","entry"],"_links":{"self":[{"href":"https:\/\/versundroitneuroethique.eu\/index.php\/wp-json\/wp\/v2\/pages\/561","targetHints":{"allow":["GET"]}}],"collection":[{"href":"https:\/\/versundroitneuroethique.eu\/index.php\/wp-json\/wp\/v2\/pages"}],"about":[{"href":"https:\/\/versundroitneuroethique.eu\/index.php\/wp-json\/wp\/v2\/types\/page"}],"author":[{"embeddable":true,"href":"https:\/\/versundroitneuroethique.eu\/index.php\/wp-json\/wp\/v2\/users\/3"}],"replies":[{"embeddable":true,"href":"https:\/\/versundroitneuroethique.eu\/index.php\/wp-json\/wp\/v2\/comments?post=561"}],"version-history":[{"count":16,"href":"https:\/\/versundroitneuroethique.eu\/index.php\/wp-json\/wp\/v2\/pages\/561\/revisions"}],"predecessor-version":[{"id":1520,"href":"https:\/\/versundroitneuroethique.eu\/index.php\/wp-json\/wp\/v2\/pages\/561\/revisions\/1520"}],"wp:attachment":[{"href":"https:\/\/versundroitneuroethique.eu\/index.php\/wp-json\/wp\/v2\/media?parent=561"}],"curies":[{"name":"wp","href":"https:\/\/api.w.org\/{rel}","templated":true}]}}