{"id":563,"date":"2023-11-10T15:32:05","date_gmt":"2023-11-10T14:32:05","guid":{"rendered":"http:\/\/versuny.cluster028.hosting.ovh.net\/?page_id=563"},"modified":"2024-03-04T20:25:29","modified_gmt":"2024-03-04T19:25:29","slug":"porteurs-du-projet","status":"publish","type":"page","link":"https:\/\/versundroitneuroethique.eu\/index.php\/porteurs-du-projet\/","title":{"rendered":"Porteurs du projet"},"content":{"rendered":"\t\t<div data-elementor-type=\"wp-page\" data-elementor-id=\"563\" class=\"elementor elementor-563\">\n\t\t\t\t\t\t\t\t\t<section class=\"elementor-section elementor-top-section elementor-element elementor-element-469e74c elementor-section-height-min-height elementor-section-content-middle elementor-section-stretched elementor-section-boxed elementor-section-height-default elementor-section-items-middle\" data-id=\"469e74c\" data-element_type=\"section\" data-settings=\"{&quot;stretch_section&quot;:&quot;section-stretched&quot;,&quot;background_background&quot;:&quot;classic&quot;}\">\n\t\t\t\t\t\t<div class=\"elementor-container elementor-column-gap-custom\">\n\t\t\t\t\t<div class=\"elementor-column elementor-col-100 elementor-top-column elementor-element elementor-element-4f550b5\" data-id=\"4f550b5\" data-element_type=\"column\">\n\t\t\t<div class=\"elementor-widget-wrap elementor-element-populated\">\n\t\t\t\t\t\t\t\t<div class=\"elementor-element elementor-element-3241d47 elementor-widget elementor-widget-heading\" data-id=\"3241d47\" data-element_type=\"widget\" data-widget_type=\"heading.default\">\n\t\t\t\t<div class=\"elementor-widget-container\">\n\t\t\t<style>\/*! elementor - v3.16.0 - 09-10-2023 *\/\n.elementor-heading-title{padding:0;margin:0;line-height:1}.elementor-widget-heading .elementor-heading-title[class*=elementor-size-]>a{color:inherit;font-size:inherit;line-height:inherit}.elementor-widget-heading .elementor-heading-title.elementor-size-small{font-size:15px}.elementor-widget-heading .elementor-heading-title.elementor-size-medium{font-size:19px}.elementor-widget-heading .elementor-heading-title.elementor-size-large{font-size:29px}.elementor-widget-heading .elementor-heading-title.elementor-size-xl{font-size:39px}.elementor-widget-heading .elementor-heading-title.elementor-size-xxl{font-size:59px}<\/style><h2 class=\"elementor-heading-title elementor-size-default\">Porteurs du projet<\/h2>\t\t<\/div>\n\t\t\t\t<\/div>\n\t\t\t\t<div class=\"elementor-element elementor-element-1722ead elementor-widget-divider--view-line elementor-widget elementor-widget-divider\" data-id=\"1722ead\" data-element_type=\"widget\" data-widget_type=\"divider.default\">\n\t\t\t\t<div class=\"elementor-widget-container\">\n\t\t\t<style>\/*! elementor - v3.16.0 - 09-10-2023 *\/\n.elementor-widget-divider{--divider-border-style:none;--divider-border-width:1px;--divider-color:#0c0d0e;--divider-icon-size:20px;--divider-element-spacing:10px;--divider-pattern-height:24px;--divider-pattern-size:20px;--divider-pattern-url:none;--divider-pattern-repeat:repeat-x}.elementor-widget-divider .elementor-divider{display:flex}.elementor-widget-divider .elementor-divider__text{font-size:15px;line-height:1;max-width:95%}.elementor-widget-divider .elementor-divider__element{margin:0 var(--divider-element-spacing);flex-shrink:0}.elementor-widget-divider .elementor-icon{font-size:var(--divider-icon-size)}.elementor-widget-divider .elementor-divider-separator{display:flex;margin:0;direction:ltr}.elementor-widget-divider--view-line_icon .elementor-divider-separator,.elementor-widget-divider--view-line_text .elementor-divider-separator{align-items:center}.elementor-widget-divider--view-line_icon .elementor-divider-separator:after,.elementor-widget-divider--view-line_icon .elementor-divider-separator:before,.elementor-widget-divider--view-line_text .elementor-divider-separator:after,.elementor-widget-divider--view-line_text .elementor-divider-separator:before{display:block;content:\"\";border-bottom:0;flex-grow:1;border-top:var(--divider-border-width) var(--divider-border-style) var(--divider-color)}.elementor-widget-divider--element-align-left .elementor-divider .elementor-divider-separator>.elementor-divider__svg:first-of-type{flex-grow:0;flex-shrink:100}.elementor-widget-divider--element-align-left .elementor-divider-separator:before{content:none}.elementor-widget-divider--element-align-left .elementor-divider__element{margin-left:0}.elementor-widget-divider--element-align-right .elementor-divider .elementor-divider-separator>.elementor-divider__svg:last-of-type{flex-grow:0;flex-shrink:100}.elementor-widget-divider--element-align-right .elementor-divider-separator:after{content:none}.elementor-widget-divider--element-align-right .elementor-divider__element{margin-right:0}.elementor-widget-divider:not(.elementor-widget-divider--view-line_text):not(.elementor-widget-divider--view-line_icon) .elementor-divider-separator{border-top:var(--divider-border-width) var(--divider-border-style) var(--divider-color)}.elementor-widget-divider--separator-type-pattern{--divider-border-style:none}.elementor-widget-divider--separator-type-pattern.elementor-widget-divider--view-line .elementor-divider-separator,.elementor-widget-divider--separator-type-pattern:not(.elementor-widget-divider--view-line) .elementor-divider-separator:after,.elementor-widget-divider--separator-type-pattern:not(.elementor-widget-divider--view-line) .elementor-divider-separator:before,.elementor-widget-divider--separator-type-pattern:not([class*=elementor-widget-divider--view]) .elementor-divider-separator{width:100%;min-height:var(--divider-pattern-height);-webkit-mask-size:var(--divider-pattern-size) 100%;mask-size:var(--divider-pattern-size) 100%;-webkit-mask-repeat:var(--divider-pattern-repeat);mask-repeat:var(--divider-pattern-repeat);background-color:var(--divider-color);-webkit-mask-image:var(--divider-pattern-url);mask-image:var(--divider-pattern-url)}.elementor-widget-divider--no-spacing{--divider-pattern-size:auto}.elementor-widget-divider--bg-round{--divider-pattern-repeat:round}.rtl .elementor-widget-divider .elementor-divider__text{direction:rtl}.e-con-inner>.elementor-widget-divider,.e-con>.elementor-widget-divider{width:var(--container-widget-width,100%);--flex-grow:var(--container-widget-flex-grow)}<\/style>\t\t<div class=\"elementor-divider\">\n\t\t\t<span class=\"elementor-divider-separator\">\n\t\t\t\t\t\t<\/span>\n\t\t<\/div>\n\t\t\t\t<\/div>\n\t\t\t\t<\/div>\n\t\t\t\t\t<\/div>\n\t\t<\/div>\n\t\t\t\t\t\t\t<\/div>\n\t\t<\/section>\n\t\t<div class=\"elementor-element elementor-element-94be6d7 e-flex e-con-boxed e-con e-parent\" data-id=\"94be6d7\" data-element_type=\"container\" data-settings=\"{&quot;content_width&quot;:&quot;boxed&quot;}\" data-core-v316-plus=\"true\">\n\t\t\t\t\t<div class=\"e-con-inner\">\n\t\t<div class=\"elementor-element elementor-element-d0418a1 e-con-full e-flex e-con e-child\" data-id=\"d0418a1\" data-element_type=\"container\" data-settings=\"{&quot;content_width&quot;:&quot;full&quot;}\">\n\t\t\t\t<div class=\"elementor-element elementor-element-d098a06 elementor-widget elementor-widget-image\" data-id=\"d098a06\" data-element_type=\"widget\" data-widget_type=\"image.default\">\n\t\t\t\t<div class=\"elementor-widget-container\">\n\t\t\t<style>\/*! elementor - v3.16.0 - 09-10-2023 *\/\n.elementor-widget-image{text-align:center}.elementor-widget-image a{display:inline-block}.elementor-widget-image a img[src$=\".svg\"]{width:48px}.elementor-widget-image img{vertical-align:middle;display:inline-block}<\/style>\t\t\t\t\t\t\t\t\t\t\t\t<img decoding=\"async\" src=\"https:\/\/versundroitneuroethique.eu\/wp-content\/uploads\/elementor\/thumbs\/S.Bernheim-Desvaux-qfftvck56rgpw1qfhmy9gz3gtm19cv022dy02ev6q8.png\" title=\"S.Bernheim-Desvaux\" alt=\"S.Bernheim-Desvaux\" loading=\"lazy\" \/>\t\t\t\t\t\t\t\t\t\t\t\t\t\t\t<\/div>\n\t\t\t\t<\/div>\n\t\t\t\t<div class=\"elementor-element elementor-element-9ea10c5 elementor-widget elementor-widget-heading\" data-id=\"9ea10c5\" data-element_type=\"widget\" data-widget_type=\"heading.default\">\n\t\t\t\t<div class=\"elementor-widget-container\">\n\t\t\t<h2 class=\"elementor-heading-title elementor-size-default\">Sabine Bernheim-Desvaux<\/h2>\t\t<\/div>\n\t\t\t\t<\/div>\n\t\t\t\t<div class=\"elementor-element elementor-element-a2e176e elementor-widget elementor-widget-heading\" data-id=\"a2e176e\" data-element_type=\"widget\" data-widget_type=\"heading.default\">\n\t\t\t\t<div class=\"elementor-widget-container\">\n\t\t\t<h2 class=\"elementor-heading-title elementor-size-default\">sabine.desvaux[@]univ-angers.fr<\/h2>\t\t<\/div>\n\t\t\t\t<\/div>\n\t\t\t\t<div class=\"elementor-element elementor-element-8dc58cb elementor-widget elementor-widget-text-editor\" data-id=\"8dc58cb\" data-element_type=\"widget\" data-widget_type=\"text-editor.default\">\n\t\t\t\t<div class=\"elementor-widget-container\">\n\t\t\t<style>\/*! elementor - v3.16.0 - 09-10-2023 *\/\n.elementor-widget-text-editor.elementor-drop-cap-view-stacked .elementor-drop-cap{background-color:#69727d;color:#fff}.elementor-widget-text-editor.elementor-drop-cap-view-framed .elementor-drop-cap{color:#69727d;border:3px solid;background-color:transparent}.elementor-widget-text-editor:not(.elementor-drop-cap-view-default) .elementor-drop-cap{margin-top:8px}.elementor-widget-text-editor:not(.elementor-drop-cap-view-default) .elementor-drop-cap-letter{width:1em;height:1em}.elementor-widget-text-editor .elementor-drop-cap{float:left;text-align:center;line-height:1;font-size:50px}.elementor-widget-text-editor .elementor-drop-cap-letter{display:inline-block}<\/style>\t\t\t\t<p><strong>Sabine Bernheim-Desvaux<\/strong> est professeure des universit\u00e9s \u00e0 la Facult\u00e9 de droit, d\u2019\u00e9conomie et de gestion de l\u2019Universit\u00e9 d\u2019Angers et membre du Centre Jean Bodin. Sp\u00e9cialis\u00e9e en droit interne et europ\u00e9en des contrats et de la consommation, elle est l\u2019auteur de nombreux \u00e9crits en droit de la consommation dont la sixi\u00e8me \u00e9dition du manuel de Droit de la consommation \u00e9dit\u00e9 par LexisNexis et co\u00e9crit avec Guy Raymond, et est directrice scientifique de la revue Contrats, concurrence consommation dans laquelle elle tient la rubrique Droit de la consommation et le panorama Police administrative de la consommation. Elle participe \u00e0 de nombreux colloques sur diff\u00e9rents th\u00e8mes de la consommation tant en France qu\u2019\u00e0 l\u2019\u00e9tranger.<\/p><p>Elle est \u00e9galement membre de la Commission d\u2019\u00e9valuation et de contr\u00f4le de la m\u00e9diation de la consommation, rattach\u00e9e au minist\u00e8re de l\u2019\u00e9conomie, et du Conseil national de la m\u00e9diation, rattach\u00e9 au minist\u00e8re de la justice. Elle est enfin expert du r\u00e9seau Trans Europe Experts, p\u00f4le \u00ab Droit des contrats, de la consommation et du commerce \u00e9lectronique \u00bb et membre du Groupe de recherche CNRS \u00ab Internet et Soci\u00e9t\u00e9 \u00bb.<\/p>\t\t\t\t\t\t<\/div>\n\t\t\t\t<\/div>\n\t\t\t\t<\/div>\n\t\t<div class=\"elementor-element elementor-element-5d271a3 e-con-full e-flex e-con e-child\" data-id=\"5d271a3\" data-element_type=\"container\" data-settings=\"{&quot;content_width&quot;:&quot;full&quot;}\">\n\t\t\t\t<div class=\"elementor-element elementor-element-fe3aba5 elementor-widget elementor-widget-image\" data-id=\"fe3aba5\" data-element_type=\"widget\" data-widget_type=\"image.default\">\n\t\t\t\t<div class=\"elementor-widget-container\">\n\t\t\t\t\t\t\t\t\t\t\t\t\t\t\t<img decoding=\"async\" src=\"https:\/\/versundroitneuroethique.eu\/wp-content\/uploads\/elementor\/thumbs\/J.Senechal-qfftvck56rgpw1qfhmy9gz3gtm19cv022dy02ev6q8.png\" title=\"J.Senechal\" alt=\"J.Senechal\" loading=\"lazy\" \/>\t\t\t\t\t\t\t\t\t\t\t\t\t\t\t<\/div>\n\t\t\t\t<\/div>\n\t\t\t\t<div class=\"elementor-element elementor-element-8680688 elementor-widget elementor-widget-heading\" data-id=\"8680688\" data-element_type=\"widget\" data-widget_type=\"heading.default\">\n\t\t\t\t<div class=\"elementor-widget-container\">\n\t\t\t<h2 class=\"elementor-heading-title elementor-size-default\">Juliette S\u00e9n\u00e9chal<\/h2>\t\t<\/div>\n\t\t\t\t<\/div>\n\t\t\t\t<div class=\"elementor-element elementor-element-fbffdda elementor-widget elementor-widget-heading\" data-id=\"fbffdda\" data-element_type=\"widget\" data-widget_type=\"heading.default\">\n\t\t\t\t<div class=\"elementor-widget-container\">\n\t\t\t<h2 class=\"elementor-heading-title elementor-size-default\">juliette.senechal[@]univ-lille.fr<\/h2>\t\t<\/div>\n\t\t\t\t<\/div>\n\t\t\t\t<div class=\"elementor-element elementor-element-6dd8135 elementor-widget elementor-widget-text-editor\" data-id=\"6dd8135\" data-element_type=\"widget\" data-widget_type=\"text-editor.default\">\n\t\t\t\t<div class=\"elementor-widget-container\">\n\t\t\t\t\t\t\t<p><strong>Juliette S\u00e9n\u00e9chal <\/strong>est professeure des universit\u00e9s \u00e0 la Facult\u00e9 de droit, d\u2019\u00e9conomie et de gestion et directrice adjointe de l\u2019\u00e9cole doctorale Sciences juridiques, politiques et de gestion de l\u2019Universit\u00e9 de Lille. Elle est actuellement en d\u00e9l\u00e9gation aupr\u00e8s du Centre Inria de Lille. Sa production scientifique s&rsquo;articule autour deux axes :\u00a0l\u2019e\u0301tude des mutations contemporaines du droit des contrats confronte\u0301 a\u0300 la construction de l\u2019espace juridique europe\u0301en et au de\u0301veloppement du marche\u0301 unique nume\u0301rique, ainsi que l&rsquo;\u00e9tude des mutations contemporaines du droit du num\u00e9rique.<\/p><p style=\"font-weight: 400;\">Elle\u00a0dirige le p\u00f4le \u00ab\u00a0Droit des contrats, de la consommation et du commerce \u00e9lectronique\u00a0\u00bb du r\u00e9seau \u00ab\u00a0Trans Europe Experts\u00a0\u00bb. Elle a \u00e9t\u00e9 charg\u00e9e de mission durant plusieurs ann\u00e9es aupr\u00e8s du bureau de droit des obligations de la Direction des affaires civiles et du Sceau du Minist\u00e8re de la Justice sur des questions relatives au droit europ\u00e9en des contrats et de la consommation \u00e0 l&rsquo;\u00e8re num\u00e9rique. Elle est membre du Groupe de recherche CNRS \u00ab\u00a0Internet et Soci\u00e9t\u00e9\u00a0\u00bb et du \u00ab\u00a0European Law Institute\u00a0\u00bb.<\/p>\t\t\t\t\t\t<\/div>\n\t\t\t\t<\/div>\n\t\t\t\t<\/div>\n\t\t\t\t\t<\/div>\n\t\t\t\t<\/div>\n\t\t\t\t\t\t\t<\/div>\n\t\t","protected":false},"excerpt":{"rendered":"<p>Porteurs du projet Sabine Bernheim-Desvaux sabine.desvaux[@]univ-angers.fr Sabine Bernheim-Desvaux est professeure des universit\u00e9s \u00e0 la Facult\u00e9 de droit, d\u2019\u00e9conomie et de gestion de l\u2019Universit\u00e9 d\u2019Angers et membre du Centre Jean Bodin. Sp\u00e9cialis\u00e9e en droit interne et europ\u00e9en des contrats et de la consommation, elle est l\u2019auteur de nombreux \u00e9crits en droit de la consommation dont la [&hellip;]<\/p>\n","protected":false},"author":3,"featured_media":0,"parent":0,"menu_order":0,"comment_status":"closed","ping_status":"closed","template":"","meta":{"footnotes":""},"class_list":["post-563","page","type-page","status-publish","hentry","entry"],"_links":{"self":[{"href":"https:\/\/versundroitneuroethique.eu\/index.php\/wp-json\/wp\/v2\/pages\/563","targetHints":{"allow":["GET"]}}],"collection":[{"href":"https:\/\/versundroitneuroethique.eu\/index.php\/wp-json\/wp\/v2\/pages"}],"about":[{"href":"https:\/\/versundroitneuroethique.eu\/index.php\/wp-json\/wp\/v2\/types\/page"}],"author":[{"embeddable":true,"href":"https:\/\/versundroitneuroethique.eu\/index.php\/wp-json\/wp\/v2\/users\/3"}],"replies":[{"embeddable":true,"href":"https:\/\/versundroitneuroethique.eu\/index.php\/wp-json\/wp\/v2\/comments?post=563"}],"version-history":[{"count":40,"href":"https:\/\/versundroitneuroethique.eu\/index.php\/wp-json\/wp\/v2\/pages\/563\/revisions"}],"predecessor-version":[{"id":1282,"href":"https:\/\/versundroitneuroethique.eu\/index.php\/wp-json\/wp\/v2\/pages\/563\/revisions\/1282"}],"wp:attachment":[{"href":"https:\/\/versundroitneuroethique.eu\/index.php\/wp-json\/wp\/v2\/media?parent=563"}],"curies":[{"name":"wp","href":"https:\/\/api.w.org\/{rel}","templated":true}]}}